{"id":19,"date":"2017-06-19T07:07:27","date_gmt":"2017-06-19T07:07:27","guid":{"rendered":"http:\/\/pearlbags.net\/index.php\/about\/"},"modified":"2021-01-13T16:31:28","modified_gmt":"2021-01-13T13:31:28","slug":"blog","status":"publish","type":"page","link":"https:\/\/pearlbags.net\/fr\/index.php\/blog\/","title":{"rendered":"blog"},"content":{"rendered":"<div data-elementor-type=\"wp-post\" data-elementor-id=\"19\" class=\"elementor elementor-19\" data-elementor-settings=\"[]\">\n\t\t\t\t\t\t<div class=\"elementor-inner\">\n\t\t\t\t\t\t\t<div class=\"elementor-section-wrap\">\n\t\t\t\t\t\t\t<section class=\"elementor-section elementor-top-section elementor-element elementor-element-4ae63c00 elementor-section-stretched elementor-section-height-min-height elementor-section-boxed elementor-section-height-default elementor-section-items-middle elementor-invisible\" data-id=\"4ae63c00\" data-element_type=\"section\" data-settings=\"{&quot;background_background&quot;:&quot;classic&quot;,&quot;stretch_section&quot;:&quot;section-stretched&quot;,&quot;animation&quot;:&quot;fadeIn&quot;}\">\n\t\t\t\t\t\t\t<div class=\"elementor-background-overlay\"><\/div>\n\t\t\t\t\t\t\t<div class=\"elementor-container elementor-column-gap-no\">\n\t\t\t\t\t\t\t<div class=\"elementor-row\">\n\t\t\t\t\t<div class=\"elementor-column elementor-col-100 elementor-top-column elementor-element elementor-element-2df56f35\" data-id=\"2df56f35\" data-element_type=\"column\">\n\t\t\t<div class=\"elementor-column-wrap elementor-element-populated\">\n\t\t\t\t\t\t\t<div class=\"elementor-widget-wrap\">\n\t\t\t\t\t\t<div class=\"elementor-element elementor-element-2afa6b23 elementor-widget elementor-widget-heading\" data-id=\"2afa6b23\" data-element_type=\"widget\" data-widget_type=\"heading.default\">\n\t\t\t\t<div class=\"elementor-widget-container\">\n\t\t\t<h1 class=\"elementor-heading-title elementor-size-default\">BLOG<\/h1>\t\t<\/div>\n\t\t\t\t<\/div>\n\t\t\t\t<div class=\"elementor-element elementor-element-7a01cb37 elementor-widget elementor-widget-heading\" data-id=\"7a01cb37\" data-element_type=\"widget\" data-widget_type=\"heading.default\">\n\t\t\t\t<div class=\"elementor-widget-container\">\n\t\t\t<h4 class=\"elementor-heading-title elementor-size-default\">Bienvenue chez Pearl Bags<\/h4>\t\t<\/div>\n\t\t\t\t<\/div>\n\t\t\t\t<div class=\"elementor-element elementor-element-6de4b859 elementor-widget elementor-widget-text-editor\" data-id=\"6de4b859\" data-element_type=\"widget\" data-widget_type=\"text-editor.default\">\n\t\t\t\t<div class=\"elementor-widget-container\">\n\t\t\t\t\t\t\t\t<div class=\"elementor-text-editor elementor-clearfix\">\n\t\t\t\t\t\t\t\t\t\t<\/div>\n\t\t\t\t\t\t<\/div>\n\t\t\t\t<\/div>\n\t\t\t\t\t\t<\/div>\n\t\t\t\t\t<\/div>\n\t\t<\/div>\n\t\t\t\t\t\t\t\t<\/div>\n\t\t\t\t\t<\/div>\n\t\t<\/section>\n\t\t\t\t<section class=\"elementor-section elementor-top-section elementor-element elementor-element-fb9bd1a elementor-section-boxed elementor-section-height-default elementor-section-height-default\" data-id=\"fb9bd1a\" data-element_type=\"section\">\n\t\t\t\t\t\t<div class=\"elementor-container elementor-column-gap-default\">\n\t\t\t\t\t\t\t<div class=\"elementor-row\">\n\t\t\t\t\t<div class=\"elementor-column elementor-col-100 elementor-top-column elementor-element elementor-element-00ef917\" data-id=\"00ef917\" data-element_type=\"column\">\n\t\t\t<div class=\"elementor-column-wrap elementor-element-populated\">\n\t\t\t\t\t\t\t<div class=\"elementor-widget-wrap\">\n\t\t\t\t\t\t<div class=\"elementor-element elementor-element-1ecbb7c elementor-widget elementor-widget-sina_blogpost\" data-id=\"1ecbb7c\" data-element_type=\"widget\" data-widget_type=\"sina_blogpost.default\">\n\t\t\t\t<div class=\"elementor-widget-container\">\n\t\t\t\t\t\t<div class=\"sina-blogpost sina-bp-1ecbb7c\"\r\n\t\t\tdata-uid=\"1ecbb7c\"\r\n\t\t\tdata-offset=\"10\"\r\n\t\t\tdata-posts-data='{\"posts_num\":10,\"offset\":10,\"total_posts\":2,\"layout\":\"list\",\"columns\":\"1\",\"layout_type\":\"default\",\"custom_columns\":null,\"categories\":\"\",\"tags\":\"\",\"order_by\":\"date\",\"sort\":\"DESC\",\"posts_text\":\"yes\",\"excerpt\":\"yes\",\"content_length\":50,\"posts_meta\":\"\",\"thumb_right\":\"\",\"is_thumb\":null,\"read_more_effect\":\"\",\"read_more_text\":\"Show More\",\"read_more_icon\":\"icofont icofont-logout\",\"read_more_icon_align\":\"right\",\"effects\":\"\",\"cats_position\":null,\"cats_icon\":null,\"posts_avatar\":null,\"avatar_size\":null,\"read_btn_bg_layer_effects\":\"\",\"bg_layer_effects\":\"\"}'>\r\n\t\t\t\t<div class=\"sina-bp-grid\">\r\n\t\t\t\t\t<div class=\"sina-bp-grid-sizer\"><\/div>\r\n\t\t\t\t\t\t<div class=\"sina-bp-col sina-bp-item-1 sina-bp-list\">\r\n\t\t<div class=\"sina-bp\">\r\n\t\t\t<div class=\"sina-bg-thumb sina-bg-cover\"\r\n\t\t\t\t\t\t\t\t\tstyle=\"background-image: url(https:\/\/pearlbags.net\/wp-content\/uploads\/2021\/01\/paper-hand-made-carier-bags.jpg);\"\r\n\t\t\t\t>\r\n\t\t\t\t<div class=\"sina-overlay\">\r\n\t\t\t\t\t<a href=\"https:\/\/pearlbags.net\/fr\/index.php\/2021\/01\/13\/luxury-hand-made-paper-carrier-bags\/\"><\/a>\r\n\t\t\t\t<\/div>\r\n\t\t\t<\/div>\r\n\t\t\t<div class=\"sina-bp-content\">\r\n\t\t\t\t<div class=\"sina-pb-inner-content\">\r\n\t\t\t\t\t\t\t\t\t\t<h2 class=\"sina-bp-title\">\r\n\t\t\t\t\t\t<a href=\"https:\/\/pearlbags.net\/fr\/index.php\/2021\/01\/13\/luxury-hand-made-paper-carrier-bags\/\">Sacs en papier de luxe fabriqu\u00e9s \u00e0 la main<\/a>\r\n\t\t\t\t\t<\/h2>\r\n\t\t\t\t\t\r\n\t\t\t\t\t\t\t\t\t\t\t<div class=\"sina-bp-text\">\r\n\t\t\t\t\t\t\tLes sacs en papier de luxe fabriqu\u00e9s \u00e0 la main sont sp\u00e9cialement produits sur demande. Le ruban compl\u00e8te le look splendide du sac. Gr\u00e2ce aux sacs en papier de luxe fabriqu\u00e9s \u00e0 la main, vous pouvez cr\u00e9er votre image de marque avec un design original. Sacs en papier \u00e0 poign\u00e9e en corde Les sacs en papier \u00e0 poign\u00e9e en corde sont solides, durables et longs\u2026\t\t\t\t\t\t<\/div>\r\n\t\t\t\t\t\r\n\t\t\t\t\t\t\t\t\t\t\t<div class=\"sina-btn-wrapper\">\r\n\t\t\t\t\t\t\t<a href=\"https:\/\/pearlbags.net\/fr\/index.php\/2021\/01\/13\/luxury-hand-made-paper-carrier-bags\/\" class=\"sina-read-more\">\r\n\t\t\t\t\t\t\t\t\t\tMontre plus\t\t\t\t\t<i class=\"icofont icofont-logout sina-icon-right\"><\/i>\r\n\t\t\t\t\t\t\t\t\t\t<\/a>\r\n\t\t\t\t\t\t<\/div>\r\n\t\t\t\t\t\t\t\t\t<\/div>\r\n\t\t\t\t\t\t\t<\/div>\r\n\t\t<\/div>\r\n\t<\/div>\r\n\t<div class=\"sina-bp-col sina-bp-item-1 sina-bp-list\">\r\n\t\t<div class=\"sina-bp\">\r\n\t\t\t<div class=\"sina-bg-thumb sina-bg-cover\"\r\n\t\t\t\t\t\t\t\t\tstyle=\"background-image: url(https:\/\/pearlbags.net\/wp-content\/uploads\/2021\/01\/lux-rigid-boxes.jpg);\"\r\n\t\t\t\t>\r\n\t\t\t\t<div class=\"sina-overlay\">\r\n\t\t\t\t\t<a href=\"https:\/\/pearlbags.net\/fr\/index.php\/2021\/01\/13\/luxury-paper-boxes-types-in-2021\/\"><\/a>\r\n\t\t\t\t<\/div>\r\n\t\t\t<\/div>\r\n\t\t\t<div class=\"sina-bp-content\">\r\n\t\t\t\t<div class=\"sina-pb-inner-content\">\r\n\t\t\t\t\t\t\t\t\t\t<h2 class=\"sina-bp-title\">\r\n\t\t\t\t\t\t<a href=\"https:\/\/pearlbags.net\/fr\/index.php\/2021\/01\/13\/luxury-paper-boxes-types-in-2021\/\">Bo\u00eetes en papier de luxe<\/a>\r\n\t\t\t\t\t<\/h2>\r\n\t\t\t\t\t\r\n\t\t\t\t\t\t\t\t\t\t\t<div class=\"sina-bp-text\">\r\n\t\t\t\t\t\t\tNotre gamme de bo\u00eetes en papier de luxe est la suivante. Bo\u00eetes rigides Lux Les bo\u00eetes rigides Lux sont un excellent choix pour les bijoux, les ornements faits \u00e0 la main et les accessoires. Le couvercle sup\u00e9rieur des Lux Rigid Boxes se fixe solidement \u00e0 la base et forme une bo\u00eete parfaitement con\u00e7ue. Vous pouvez \u00e9galement d\u00e9corer les Lux Rigid Boxes dans notre\u2026\t\t\t\t\t\t<\/div>\r\n\t\t\t\t\t\r\n\t\t\t\t\t\t\t\t\t\t\t<div class=\"sina-btn-wrapper\">\r\n\t\t\t\t\t\t\t<a href=\"https:\/\/pearlbags.net\/fr\/index.php\/2021\/01\/13\/luxury-paper-boxes-types-in-2021\/\" class=\"sina-read-more\">\r\n\t\t\t\t\t\t\t\t\t\tMontre plus\t\t\t\t\t<i class=\"icofont icofont-logout sina-icon-right\"><\/i>\r\n\t\t\t\t\t\t\t\t\t\t<\/a>\r\n\t\t\t\t\t\t<\/div>\r\n\t\t\t\t\t\t\t\t\t<\/div>\r\n\t\t\t\t\t\t\t<\/div>\r\n\t\t<\/div>\r\n\t<\/div>\r\n\t\t\t\t\t\t\t\t\t<\/div>\r\n\r\n\t\t\t\t\r\n\t\t\t\t\t\t\t\t\t<div class=\"sina-bp-pagination\">\r\n\t\t\t\t\t\t\t\t\t\t\t<\/div>\r\n\t\t\t\t\t\t\t\t<input type=\"hidden\" id=\"sina_load_more_posts1ecbb7c\" name=\"sina_load_more_posts1ecbb7c\" value=\"1cb40c5066\" \/><input type=\"hidden\" name=\"_wp_http_referer\" value=\"\/fr\/index.php\/wp-json\/wp\/v2\/pages\/19\" \/>\t\t\t<\/div><!-- .sina-blogpost -->\r\n\t\t\t\t\t<\/div>\n\t\t\t\t<\/div>\n\t\t\t\t\t\t<\/div>\n\t\t\t\t\t<\/div>\n\t\t<\/div>\n\t\t\t\t\t\t\t\t<\/div>\n\t\t\t\t\t<\/div>\n\t\t<\/section>\n\t\t\t\t\t\t<\/div>\n\t\t\t\t\t\t<\/div>\n\t\t\t\t\t<\/div>","protected":false},"excerpt":{"rendered":"<p>BLOG Welcome to Pearl Bags Luxury Paper Boxes Our luxury paper boxes range are as follows. Lux Rigid Boxes Lux Rigid Boxes are excellent choice for jewelry, handmade ornaments and accessories. The Lux Rigid Boxes\u2019 top cover attaches securely to the base and forms a perfectly designed box. You can also decorate the Lux Rigid &hellip;<\/p>\n<p class=\"read-more\"> <a class=\"\" href=\"https:\/\/pearlbags.net\/fr\/index.php\/2021\/01\/13\/luxury-paper-boxes-types-in-2021\/\"> <span class=\"screen-reader-text\">Bo\u00eetes en papier de luxe<\/span> Lire la suite \u00bb<\/a><\/p>","protected":false},"author":1,"featured_media":0,"parent":0,"menu_order":0,"comment_status":"closed","ping_status":"closed","template":"","meta":[],"yoast_head":"<!-- This site is optimized with the Yoast SEO plugin v16.2 - https:\/\/yoast.com\/wordpress\/plugins\/seo\/ -->\n<title>blog - Pearlbags<\/title>\n<meta name=\"robots\" content=\"index, follow, max-snippet:-1, max-image-preview:large, max-video-preview:-1\" \/>\n<link rel=\"canonical\" href=\"https:\/\/pearlbags.net\/fr\/index.php\/blog\/\" \/>\n<meta property=\"og:locale\" content=\"fr_FR\" \/>\n<meta property=\"og:type\" content=\"article\" \/>\n<meta property=\"og:title\" content=\"blog - Pearlbags\" \/>\n<meta property=\"og:description\" content=\"BLOG Welcome to Pearl Bags Luxury Paper Boxes Our luxury paper boxes range are as follows. Lux Rigid Boxes Lux Rigid Boxes are excellent choice for jewelry, handmade ornaments and accessories. The Lux Rigid Boxes\u2019 top cover attaches securely to the base and forms a perfectly designed box. You can also decorate the Lux Rigid &hellip; Luxury Paper Boxes Lire la suite \u00bb\" \/>\n<meta property=\"og:url\" content=\"https:\/\/pearlbags.net\/fr\/index.php\/blog\/\" \/>\n<meta property=\"og:site_name\" content=\"Pearlbags\" \/>\n<meta property=\"article:modified_time\" content=\"2021-01-13T13:31:28+00:00\" \/>\n<meta name=\"twitter:card\" content=\"summary_large_image\" \/>\n<script type=\"application\/ld+json\" class=\"yoast-schema-graph\">{\"@context\":\"https:\/\/schema.org\",\"@graph\":[{\"@type\":\"WebSite\",\"@id\":\"http:\/\/pearlbags.net\/#website\",\"url\":\"http:\/\/pearlbags.net\/\",\"name\":\"Pearlbags\",\"description\":\" High Quality, Fast and Personalized Paper Packaging Solutions\",\"potentialAction\":[{\"@type\":\"SearchAction\",\"target\":\"http:\/\/pearlbags.net\/?s={search_term_string}\",\"query-input\":\"required name=search_term_string\"}],\"inLanguage\":\"fr-FR\"},{\"@type\":\"WebPage\",\"@id\":\"https:\/\/pearlbags.net\/index.php\/blog\/#webpage\",\"url\":\"https:\/\/pearlbags.net\/index.php\/blog\/\",\"name\":\"blog - Pearlbags\",\"isPartOf\":{\"@id\":\"http:\/\/pearlbags.net\/#website\"},\"datePublished\":\"2017-06-19T07:07:27+00:00\",\"dateModified\":\"2021-01-13T13:31:28+00:00\",\"breadcrumb\":{\"@id\":\"https:\/\/pearlbags.net\/index.php\/blog\/#breadcrumb\"},\"inLanguage\":\"fr-FR\",\"potentialAction\":[{\"@type\":\"ReadAction\",\"target\":[\"https:\/\/pearlbags.net\/index.php\/blog\/\"]}]},{\"@type\":\"BreadcrumbList\",\"@id\":\"https:\/\/pearlbags.net\/index.php\/blog\/#breadcrumb\",\"itemListElement\":[{\"@type\":\"ListItem\",\"position\":1,\"item\":{\"@type\":\"WebPage\",\"@id\":\"https:\/\/pearlbags.net\/\",\"url\":\"https:\/\/pearlbags.net\/\",\"name\":\"Ana sayfa\"}},{\"@type\":\"ListItem\",\"position\":2,\"item\":{\"@id\":\"https:\/\/pearlbags.net\/index.php\/blog\/#webpage\"}}]}]}<\/script>\n<!-- \/ Yoast SEO plugin. -->","_links":{"self":[{"href":"https:\/\/pearlbags.net\/fr\/index.php\/wp-json\/wp\/v2\/pages\/19"}],"collection":[{"href":"https:\/\/pearlbags.net\/fr\/index.php\/wp-json\/wp\/v2\/pages"}],"about":[{"href":"https:\/\/pearlbags.net\/fr\/index.php\/wp-json\/wp\/v2\/types\/page"}],"author":[{"embeddable":true,"href":"https:\/\/pearlbags.net\/fr\/index.php\/wp-json\/wp\/v2\/users\/1"}],"replies":[{"embeddable":true,"href":"https:\/\/pearlbags.net\/fr\/index.php\/wp-json\/wp\/v2\/comments?post=19"}],"version-history":[{"count":24,"href":"https:\/\/pearlbags.net\/fr\/index.php\/wp-json\/wp\/v2\/pages\/19\/revisions"}],"predecessor-version":[{"id":2120,"href":"https:\/\/pearlbags.net\/fr\/index.php\/wp-json\/wp\/v2\/pages\/19\/revisions\/2120"}],"wp:attachment":[{"href":"https:\/\/pearlbags.net\/fr\/index.php\/wp-json\/wp\/v2\/media?parent=19"}],"curies":[{"name":"wp","href":"https:\/\/api.w.org\/{rel}","templated":true}]}}